{"id":378,"date":"2024-04-28T17:18:34","date_gmt":"2024-04-28T15:18:34","guid":{"rendered":"http:\/\/localhost\/ewivs\/personal-certifications\/specialist-areas\/"},"modified":"2025-03-07T18:56:33","modified_gmt":"2025-03-07T17:56:33","slug":"specialist-areas","status":"publish","type":"page","link":"https:\/\/www.ewivs.com\/en\/personal-certifications\/specialist-areas\/","title":{"rendered":"Specialist areas"},"content":{"rendered":"<p>[et_pb_section fb_built=&#8221;1&#8243; fullwidth=&#8221;on&#8221; admin_label=&#8221;Teaser gro\u00df&#8221; _builder_version=&#8221;4.25.1&#8243; _module_preset=&#8221;default&#8221; global_module=&#8221;315&#8243; saved_tabs=&#8221;all&#8221; global_colors_info=&#8221;{}&#8221;][et_pb_fullwidth_slider _builder_version=&#8221;4.27.4&#8243; _module_preset=&#8221;default&#8221; global_colors_info=&#8221;{}&#8221;][et_pb_slide button_text=&#8221;Apply for certification now&#8221; button_link=&#8221;@ET-DC@eyJkeW5hbWljIjp0cnVlLCJjb250ZW50IjoicG9zdF9saW5rX3VybF9wYWdlIiwic2V0dGluZ3MiOnsicG9zdF9pZCI6IjEwMCJ9fQ==@&#8221; _builder_version=&#8221;4.27.4&#8243; _dynamic_attributes=&#8221;button_link&#8221; _module_preset=&#8221;default&#8221; background_enable_color=&#8221;off&#8221; background_image=&#8221;https:\/\/www.ewivs.com\/wp-content\/uploads\/2024\/04\/bild_teaser3.jpg&#8221; background_enable_image=&#8221;on&#8221; global_colors_info=&#8221;{}&#8221; sticky_transition=&#8221;on&#8221;]<\/p>\n<p><strong>EWiVS &#8211; Your partner for personal certifications according to ISO 17024<\/strong><\/p>\n<p><em>We support experts and specialists with professional ISO 17024 certification &#8211; transparently, practically and quickly.<\/em><\/p>\n<p>[\/et_pb_slide][\/et_pb_fullwidth_slider][\/et_pb_section][et_pb_section fb_built=&#8221;1&#8243; _builder_version=&#8221;4.25.1&#8243; _module_preset=&#8221;default&#8221; global_colors_info=&#8221;{}&#8221;][et_pb_row _builder_version=&#8221;4.25.1&#8243; _module_preset=&#8221;default&#8221; global_colors_info=&#8221;{}&#8221;][et_pb_column type=&#8221;4_4&#8243; _builder_version=&#8221;4.25.1&#8243; _module_preset=&#8221;default&#8221; global_colors_info=&#8221;{}&#8221;][et_pb_text _builder_version=&#8221;4.27.4&#8243; _module_preset=&#8221;default&#8221; hover_enabled=&#8221;0&#8243; global_colors_info=&#8221;{}&#8221; sticky_enabled=&#8221;0&#8243;]<\/p>\n<h1>ISO 17024 Zertifizierung \u2013 Fachbereiche<\/h1>\n<p>Die Anforderungen an Sachverst\u00e4ndige k\u00f6nnen je nach Branche und T\u00e4tigkeitsfeld stark variieren. Deshalb bietet EWiVS <strong>Personenzertifizierungen nach ISO 17024<\/strong> in einer Reihe von spezialisierten Fachbereichen an.<\/p>\n<p>Aktuell k\u00f6nnen die folgenden Zertifizierungen jederzeit beantragt werden. Anregungen oder Anfragen zu weiteren Zertifizierungen f\u00fcr spezifische oder besondere Qualifikationen werden gerne entgegengenommen. Die EWIVS Certification pr\u00fcft in diesen F\u00e4llen die Realisierbarkeit und Umsetzbarkeit. Dies kann jedoch einige Zeit in Anspruch nehmen, da gegebenenfalls Abstimmungen mit Fachorganisationen oder entsprechend qualifizierten Personenkreisen im geplanten Zertifizierungssegment erforderlich sind.<\/p>\n<p>Nachfolgend finden Sie eine \u00dcbersicht der wichtigsten Disziplinen, in denen Sie Ihre Kompetenz objektiv nachweisen k\u00f6nnen.<\/p>\n<p><strong>Bautechnik und Geb\u00e4udemanagement<\/strong><\/p>\n<ul>\n<li><em><strong>T\u00e4tigkeiten:<\/strong><\/em> Gutachtenerstellung zu Baum\u00e4ngeln, Wohnwert- und Schadensbewertungen<\/li>\n<li><em><strong>Warum zertifizieren lassen?<\/strong><\/em> H\u00f6here Glaubw\u00fcrdigkeit gegen\u00fcber Gerichten und Versicherungen, transparente Qualit\u00e4tsstandards f\u00fcr Kunden<\/li>\n<\/ul>\n<p><strong>Brandschutz und Sicherheitstechnik<\/strong><\/p>\n<ul>\n<li><em><strong>T\u00e4tigkeiten:<\/strong><\/em> Pr\u00fcfung von Brandschutzkonzepten, Bewertung von Brandschutzsystemen<\/li>\n<li><em><strong>Warum zertifizieren lassen?<\/strong><\/em> Nachweis fundierter Fachkenntnisse f\u00fcr Genehmigungsverfahren und im Schadensfall<\/li>\n<\/ul>\n<p><strong>Energieeffizienz und Umwelttechnik<\/strong><\/p>\n<ul>\n<li><em><strong>T\u00e4tigkeiten:<\/strong><\/em> Energieaudits, Umweltgutachten, Beratung zu nachhaltigen Technologien<\/li>\n<li><em><strong>Warum zertifizieren lassen?<\/strong><\/em> Wachsende Nachfrage nach zertifizierten Fachleuten im Bereich Klimaschutz und Energieberatung<\/li>\n<\/ul>\n<p><strong>Kfz-Technik und Fahrzeugbewertung<\/strong><\/p>\n<ul>\n<li><em><strong>T\u00e4tigkeiten:<\/strong><\/em> Schadensgutachten, Oldtimer-Bewertungen, technische Pr\u00fcfungen<\/li>\n<li><em><strong>Warum zertifizieren lassen?<\/strong><\/em> Spezifische Kenntnisse werden von Versicherungen, Gerichten und Kfz-Betrieben gesch\u00e4tzt<\/li>\n<\/ul>\n<p><strong>Weitere Fachbereiche<\/strong><\/p>\n<p>Sie sind in einem anderen Spezialgebiet t\u00e4tig? EWiVS bietet <strong>ma\u00dfgeschneiderte Zertifizierungen<\/strong> f\u00fcr zahlreiche Branchen. Kontaktieren Sie uns einfach f\u00fcr individuelle Informationen.<\/p>\n<p><strong>N\u00e4chste Schritte<\/strong><\/p>\n<p>Wenn Sie sich n\u00e4her mit den Voraussetzungen, Geb\u00fchren oder dem Ablauf einer Zertifizierung besch\u00e4ftigen m\u00f6chten, finden Sie hier alle Details:<\/p>\n<ul>\n<li><a href=\"https:\/\/www.ewivs.com\/personenzertifizierungen\/voraussetzungen-fuer-die-zertifizierung\/\">ISO 17024 Zertifizierung \u2013 Voraussetzungen<\/a><\/li>\n<li><a href=\"https:\/\/www.ewivs.com\/personenzertifizierungen\/kosten-gebuehren\/\">ISO 17024 Zertifizierung \u2013 Geb\u00fchren<\/a><\/li>\n<li><a href=\"https:\/\/www.ewivs.com\/personenzertifizierungen\/ablauf-zertifizierungsprozess\/\">ISO 17024 Zertifizierung \u2013 Ablauf<\/a><\/li>\n<\/ul>\n<p><strong>Bereit zum n\u00e4chsten Schritt?<\/strong><\/p>\n<ul>\n<li><a href=\"https:\/\/www.ewivs.com\/personenzertifizierungen\/antragstellung-personenzertifizierung\/\">Antrag auf Personenzertifizierung stellen<\/a> \u2013 Wir begleiten Sie durch den gesamten Prozess!<\/li>\n<\/ul>\n<p><em>\u201eDurch eine spezialisierte Zertifizierung nach ISO 17024 sichern Sie sich als Sachverst\u00e4ndiger einen klaren Wettbewerbsvorteil \u2013 egal, in welchem Fachbereich Sie t\u00e4tig sind.\u201c<\/em><\/p>\n<p>[\/et_pb_text][\/et_pb_column][\/et_pb_row][et_pb_row _builder_version=&#8221;4.27.4&#8243; _module_preset=&#8221;default&#8221;][et_pb_column _builder_version=&#8221;4.27.4&#8243; _module_preset=&#8221;default&#8221; type=&#8221;4_4&#8243;][et_pb_divider _builder_version=&#8221;4.27.4&#8243; _module_preset=&#8221;default&#8221; hover_enabled=&#8221;0&#8243; sticky_enabled=&#8221;0&#8243;][\/et_pb_divider][\/et_pb_column][\/et_pb_row][et_pb_row _builder_version=&#8221;4.25.1&#8243; _module_preset=&#8221;default&#8221; global_colors_info=&#8221;{}&#8221;][et_pb_column type=&#8221;4_4&#8243; _builder_version=&#8221;4.25.1&#8243; _module_preset=&#8221;default&#8221; global_colors_info=&#8221;{}&#8221;][et_pb_text _builder_version=&#8221;4.27.4&#8243; _module_preset=&#8221;default&#8221; hover_enabled=&#8221;0&#8243; global_colors_info=&#8221;{}&#8221; sticky_enabled=&#8221;0&#8243;]<\/p>\n<h2>Personenzertifizierungen gem\u00e4\u00df ISO 17024:<\/h2>\n<p><strong>Cert-Code \u2013 ZERTIFIZIERUNGSBEREICH<\/strong><\/p>\n\n\t\t\t<h3>Building expert VALUE<\/h3>\n\t\t\t<ul><li>EU\/A-001 Expert for the valuation of land & standard properties<\/li><li>EU\/A-002 Expert for the valuation of special & special properties<\/li><li>EU\/A-003 Expert for rents & leases<\/li><li>EU\/A-004 Expert for mortgage lending value appraisals<\/li><\/ul>\n\t\t\t<h3>Building expert DAMAGE<\/h3>\n\t\t\t<ul><li>EU\/B-011 Expert for damage to buildings<\/li><li>EU\/B-012 Expert for concrete\/reinforced concrete construction<\/li><li>EU\/B-013 Expert for the roofing trade<\/li><li>EU\/B-014 Expert for the screed laying trade<\/li><li>EU\/B-015 Expert for the tile, slab and mosaic laying trade<\/li><li>EU\/B-016 Expert for the painting\/painting trade (including facade insulation)<\/li><li>EU\/B-017 Expert for the masonry trade<\/li><li>EU\/B-018 Expert for the carpentry trade<\/li><li>EU\/B-019 Expert for fire protection<\/li><li>EU\/B-020 Expert for electrical installations<\/li><li>EU\/B-021 Expert for moisture and mold damage<\/li><li>EU\/B-022 Expert for heating & sanitation<\/li><li>EU\/B-023 Expert for sound & heat insulation<\/li><li>EU\/B-024 Expert for dry construction<\/li><li>EU\/B-025 Expert for the glazing trade<\/li><\/ul>\n\t\t\t<h3>Technical experts<\/h3>\n\t\t\t<ul><li>EU\/C-031 Expert for the automotive industry - classic<\/li><li>EU\/C-032 Expert for wind turbines & rotor blades<\/li><li>EU\/C-033 Expert for motor vehicles - electric vehicles (cars & buses)<\/li><li>EU\/C-034 Expert for on- & offshore flight operations (all aircraft) and helidecks<\/li><li>EU\/C-035 Expert for paint damage in the automotive industry<\/li><\/ul>\n\t\t\t<h3>Service provider<\/h3>\n\t\t\t<ul><li>EU\/D-041 Expert for real estate brokerage <\/li><li>EU\/D-042 Expert for banking services & insurance<\/li><li>EU\/D-043 Expert for financial consulting & investment<\/li><li>EU\/D-044 Car rental company<\/li><li>EU\/D-045 Facility management expert<\/li><li>EU\/D-046 Translation expert<\/li><li>EU\/D-047 Expert for IT hardware, software & web administration<\/li><li>EU\/D-048 Data protection expert<\/li><\/ul>\n\t\t\t<h3>Healthcare professions<\/h3>\n\t\t\t<ul><li>EU\/G-051 Expert caregiver according to \u00a7 43b, 53c SGB XI<\/li><li>EU\/G-052 Expert legal guardian (professional guardian)<\/li><li>EU\/G-053 Expert guardian ad litem<\/li><li>EU\/G-054 Expert estate guardian  <\/li><\/ul>\n\t\t\t<h3>Medicine<\/h3>\n\t\t\t<ul><li>EU\/M-001 Expert for medical devices and medical technology equipment<\/li><\/ul>\n<p>Weitere Zertifizierungsbereiche werden sukzessive folgen und die Konformit\u00e4tsbewertungen zur Qualit\u00e4tssicherung vervollst\u00e4ndigen.<\/p>\n<p>[\/et_pb_text][\/et_pb_column][\/et_pb_row][\/et_pb_section][et_pb_section fb_built=&#8221;1&#8243; admin_label=&#8221;Banner Antragsstellung&#8221; _builder_version=&#8221;4.25.1&#8243; _module_preset=&#8221;default&#8221; background_image=&#8221;https:\/\/www.ewivs.com\/wp-content\/uploads\/2024\/06\/banner_steps.webp&#8221; parallax=&#8221;on&#8221; global_module=&#8221;521&#8243; saved_tabs=&#8221;all&#8221; global_colors_info=&#8221;{}&#8221;][et_pb_row _builder_version=&#8221;4.25.1&#8243; _module_preset=&#8221;default&#8221; global_colors_info=&#8221;{}&#8221;][et_pb_column type=&#8221;4_4&#8243; _builder_version=&#8221;4.25.1&#8243; _module_preset=&#8221;default&#8221; global_colors_info=&#8221;{}&#8221;][et_pb_text _builder_version=&#8221;4.27.2&#8243; _module_preset=&#8221;default&#8221; text_font=&#8221;|||on|||||&#8221; text_font_size=&#8221;28px&#8221; text_line_height=&#8221;1.3em&#8221; header_5_font_size=&#8221;30px&#8221; header_6_font=&#8221;||||||||&#8221; header_6_font_size=&#8221;26px&#8221; background_color=&#8221;rgba(255,255,255,0.47)&#8221; text_orientation=&#8221;center&#8221; custom_padding=&#8221;24px|24px|24px|24px|false|false&#8221; global_colors_info=&#8221;{}&#8221;]<\/p>\n<p><strong>Present yourself as a certified expert<\/strong><\/p>\n<p>Simply submit your documents online and become a certified expert in your field in accordance with EN ISO\/IEC 17024.<\/p>\n<p>[\/et_pb_text][et_pb_button button_url=&#8221;@ET-DC@eyJkeW5hbWljIjp0cnVlLCJjb250ZW50IjoicG9zdF9saW5rX3VybF9wYWdlIiwic2V0dGluZ3MiOnsicG9zdF9pZCI6IjEwMCJ9fQ==@&#8221; button_text=&#8221;To submit an application&#8221; button_alignment=&#8221;center&#8221; _builder_version=&#8221;4.25.1&#8243; _dynamic_attributes=&#8221;button_url&#8221; _module_preset=&#8221;default&#8221; global_colors_info=&#8221;{}&#8221;][\/et_pb_button][\/et_pb_column][\/et_pb_row][\/et_pb_section]<\/p>\n","protected":false},"excerpt":{"rendered":"<p>EWiVS &#8211; Your partner for personal certifications according to ISO 17024 We support experts and specialists with professional ISO 17024 certification &#8211; transparently, practically and quickly.ISO 17024 Zertifizierung \u2013 Fachbereiche Die Anforderungen an Sachverst\u00e4ndige k\u00f6nnen je nach Branche und T\u00e4tigkeitsfeld stark variieren. Deshalb bietet EWiVS Personenzertifizierungen nach ISO 17024 in einer Reihe von spezialisierten Fachbereichen [&hellip;]<\/p>\n","protected":false},"author":1,"featured_media":0,"parent":355,"menu_order":0,"comment_status":"closed","ping_status":"closed","template":"","meta":{"_et_pb_use_builder":"on","_et_pb_old_content":"","_et_gb_content_width":"","footnotes":""},"class_list":["post-378","page","type-page","status-publish","hentry"],"_links":{"self":[{"href":"https:\/\/www.ewivs.com\/en\/wp-json\/wp\/v2\/pages\/378","targetHints":{"allow":["GET"]}}],"collection":[{"href":"https:\/\/www.ewivs.com\/en\/wp-json\/wp\/v2\/pages"}],"about":[{"href":"https:\/\/www.ewivs.com\/en\/wp-json\/wp\/v2\/types\/page"}],"author":[{"embeddable":true,"href":"https:\/\/www.ewivs.com\/en\/wp-json\/wp\/v2\/users\/1"}],"replies":[{"embeddable":true,"href":"https:\/\/www.ewivs.com\/en\/wp-json\/wp\/v2\/comments?post=378"}],"version-history":[{"count":10,"href":"https:\/\/www.ewivs.com\/en\/wp-json\/wp\/v2\/pages\/378\/revisions"}],"predecessor-version":[{"id":2061,"href":"https:\/\/www.ewivs.com\/en\/wp-json\/wp\/v2\/pages\/378\/revisions\/2061"}],"up":[{"embeddable":true,"href":"https:\/\/www.ewivs.com\/en\/wp-json\/wp\/v2\/pages\/355"}],"wp:attachment":[{"href":"https:\/\/www.ewivs.com\/en\/wp-json\/wp\/v2\/media?parent=378"}],"curies":[{"name":"wp","href":"https:\/\/api.w.org\/{rel}","templated":true}]}}