{"id":341,"date":"2024-04-28T13:39:05","date_gmt":"2024-04-28T11:39:05","guid":{"rendered":"http:\/\/localhost\/ewivs\/home\/"},"modified":"2026-03-27T12:21:19","modified_gmt":"2026-03-27T11:21:19","slug":"home","status":"publish","type":"page","link":"https:\/\/www.ewivs.com\/en\/","title":{"rendered":"Home"},"content":{"rendered":"<p>[et_pb_section fb_built=&#8221;1&#8243; fullwidth=&#8221;on&#8221; admin_label=&#8221;Teaser gro\u00df&#8221; _builder_version=&#8221;4.25.1&#8243; _module_preset=&#8221;default&#8221; global_module=&#8221;315&#8243; saved_tabs=&#8221;all&#8221; global_colors_info=&#8221;{}&#8221;][et_pb_fullwidth_slider _builder_version=&#8221;4.27.4&#8243; _module_preset=&#8221;default&#8221; global_colors_info=&#8221;{}&#8221;][et_pb_slide button_text=&#8221;Apply for certification now&#8221; button_link=&#8221;@ET-DC@eyJkeW5hbWljIjp0cnVlLCJjb250ZW50IjoicG9zdF9saW5rX3VybF9wYWdlIiwic2V0dGluZ3MiOnsicG9zdF9pZCI6IjEwMCJ9fQ==@&#8221; _builder_version=&#8221;4.27.4&#8243; _dynamic_attributes=&#8221;button_link&#8221; _module_preset=&#8221;default&#8221; background_enable_color=&#8221;off&#8221; background_image=&#8221;https:\/\/www.ewivs.com\/wp-content\/uploads\/2025\/03\/personenzertifizierungen_ISO_17024.webp&#8221; background_enable_image=&#8221;on&#8221; global_colors_info=&#8221;{}&#8221; sticky_transition=&#8221;on&#8221;]<\/p>\n<p><strong>EWiVS \u2013 Ihr Partner f\u00fcr Personenzertifizierungen nach ISO 17024<\/strong><\/p>\n<p><em>Wir begleiten Sachverst\u00e4ndige und Experten bei der professionellen ISO-17024-Zertifizierung \u2013 transparent, praxisnah und schnell!<\/em><\/p>\n<p>[\/et_pb_slide][\/et_pb_fullwidth_slider][\/et_pb_section][et_pb_section fb_built=&#8221;1&#8243; admin_label=&#8221;Willkommen&#8221; _builder_version=&#8221;4.25.0&#8243; global_colors_info=&#8221;{}&#8221;][et_pb_row _builder_version=&#8221;4.27.4&#8243; _module_preset=&#8221;default&#8221; global_colors_info=&#8221;{}&#8221;][et_pb_column type=&#8221;4_4&#8243; _builder_version=&#8221;4.27.4&#8243; _module_preset=&#8221;default&#8221; global_colors_info=&#8221;{}&#8221;][et_pb_text _builder_version=&#8221;4.27.4&#8243; background_size=&#8221;initial&#8221; background_position=&#8221;top_left&#8221; background_repeat=&#8221;repeat&#8221; global_colors_info=&#8221;{}&#8221;]<\/p>\n<h1>EWiVS Certification &#8211; Personenzertifizierungen nach ISO 17024<\/h1>\n<p><strong>Wer wir sind<\/strong><\/p>\n<p>Die EWiVS spezialisiert auf Personenzertifizierungen und weitere qualit\u00e4tssichernde Ma\u00dfnahmen f\u00fcr Sachverst\u00e4ndige und Fachexperten. Mit unserem europaweiten Netzwerk und dem Fokus auf ISO 17024 bieten wir Ihnen eine zukunftssichere und international anerkannte Zertifizierung.<\/p>\n<p>Unsere Experten bringen Fachwissen, Erfahrung und ein europaweites Netzwerk mit \u2013 damit auch Sie von einer anerkannten Zertifizierung profitieren.<\/p>\n<p>[\/et_pb_text][\/et_pb_column][\/et_pb_row][et_pb_row column_structure=&#8221;2_3,1_3&#8243; _builder_version=&#8221;4.16&#8243; background_size=&#8221;initial&#8221; background_position=&#8221;top_left&#8221; background_repeat=&#8221;repeat&#8221; global_colors_info=&#8221;{}&#8221;][et_pb_column type=&#8221;2_3&#8243; _builder_version=&#8221;4.16&#8243; custom_padding=&#8221;|||&#8221; global_colors_info=&#8221;{}&#8221; custom_padding__hover=&#8221;|||&#8221;][et_pb_text _builder_version=&#8221;4.27.4&#8243; background_size=&#8221;initial&#8221; background_position=&#8221;top_left&#8221; background_repeat=&#8221;repeat&#8221; global_colors_info=&#8221;{}&#8221;]<\/p>\n<p><strong>Was uns auszeichnet<\/strong><\/p>\n<ul>\n<li><strong>Praxisorientierte Verfahren<\/strong>: Unsere Pr\u00fcfungen und Nachweise sind auf die Anforderungen der Branche zugeschnitten.<\/li>\n<li><strong>Transparente Geb\u00fchren<\/strong>: Dank der Geld-zur\u00fcck-Garantie bei der Vorpr\u00fcfung gehen Sie kein Risiko ein.<\/li>\n<li><strong>Individuelle Betreuung<\/strong>: Wir begleiten Sie pers\u00f6nlich \u2013 von den ersten Voraussetzungen bis zur Rezertifizierung.<\/li>\n<\/ul>\n<p>[\/et_pb_text][\/et_pb_column][et_pb_column type=&#8221;1_3&#8243; _builder_version=&#8221;4.16&#8243; custom_padding=&#8221;|||&#8221; global_colors_info=&#8221;{}&#8221; custom_padding__hover=&#8221;|||&#8221;][et_pb_text _builder_version=&#8221;4.27.4&#8243; background_size=&#8221;initial&#8221; background_position=&#8221;top_left&#8221; background_repeat=&#8221;repeat&#8221; global_colors_info=&#8221;{}&#8221;]<\/p>\n<p><strong>M\u00f6chten Sie mehr erfahren?<\/strong><\/p>\n<ul>\n<li><a href=\"https:\/\/www.ewivs.com\/en\/about-us\/\">Wir \u00fcber uns<\/a><\/li>\n<li><a href=\"https:\/\/www.ewivs.com\/en\/personal-certifications\/certifications\/\">Zertifizierungen &#8211; \u00dcbersicht<\/a><\/li>\n<li><a href=\"https:\/\/www.ewivs.com\/en\/personal-certifications\/requirements-for-certification\/\">ISO 17024 Zertifizierung &#8211; Voraussetzungen<\/a><\/li>\n<li><a href=\"https:\/\/www.ewivs.com\/en\/personal-certifications\/procedure\/\">ISO 17024 Zertifizierung &#8211; Ablauf<\/a><\/li>\n<\/ul>\n<p>[\/et_pb_text][\/et_pb_column][\/et_pb_row][et_pb_row _builder_version=&#8221;4.25.1&#8243; _module_preset=&#8221;default&#8221; global_colors_info=&#8221;{}&#8221;][et_pb_column type=&#8221;4_4&#8243; _builder_version=&#8221;4.25.1&#8243; _module_preset=&#8221;default&#8221; global_colors_info=&#8221;{}&#8221;][et_pb_divider _builder_version=&#8221;4.25.1&#8243; _module_preset=&#8221;default&#8221; global_colors_info=&#8221;{}&#8221;][\/et_pb_divider][\/et_pb_column][\/et_pb_row][et_pb_row column_structure=&#8221;3_5,2_5&#8243; _builder_version=&#8221;4.25.1&#8243; _module_preset=&#8221;default&#8221; global_colors_info=&#8221;{}&#8221;][et_pb_column type=&#8221;3_5&#8243; _builder_version=&#8221;4.25.1&#8243; _module_preset=&#8221;default&#8221; global_colors_info=&#8221;{}&#8221;][et_pb_text _builder_version=&#8221;4.27.4&#8243; _module_preset=&#8221;default&#8221; custom_margin=&#8221;||12px||false|false&#8221; custom_padding=&#8221;||0px||false|false&#8221; global_colors_info=&#8221;{}&#8221;]<\/p>\n<h2>Personenzertifizierung Gutachter \/ Sachverst\u00e4ndige<\/h2>\n<p>Ob Bau, Brandschutz oder Energieeffizienz \u2013 wir pr\u00fcfen Ihre Fachkompetenz und stellen sicher, dass Sie den Anforderungen der internationalen Norm entsprechen.<\/p>\n<p><strong>Jetzt entdecken<\/strong>: <a href=\"https:\/\/www.ewivs.com\/en\/personal-certifications\/personal-certifications-according-to-iso-17024\/\">Personenzertifizierungen gem\u00e4\u00df ISO 17024<\/a><\/p>\n<p>[\/et_pb_text][et_pb_divider _builder_version=&#8221;4.27.4&#8243; _module_preset=&#8221;default&#8221; custom_margin=&#8221;||0px||false|false&#8221; custom_padding=&#8221;||0px||false|false&#8221; global_colors_info=&#8221;{}&#8221;][\/et_pb_divider][et_pb_text _builder_version=&#8221;4.27.4&#8243; background_size=&#8221;initial&#8221; background_position=&#8221;top_left&#8221; background_repeat=&#8221;repeat&#8221; custom_margin=&#8221;||0px||false|false&#8221; custom_padding=&#8221;||0px||false|false&#8221; global_colors_info=&#8221;{}&#8221;]<\/p>\n<p><strong>Los geht\u2019s!<\/strong><\/p>\n<p><strong>Sind Sie bereit, Ihre Fachkompetenz offiziell anerkennen zu lassen?<\/strong><\/p>\n<p>[\/et_pb_text][et_pb_button button_url=&#8221;@ET-DC@eyJkeW5hbWljIjp0cnVlLCJjb250ZW50IjoicG9zdF9saW5rX3VybF9wYWdlIiwic2V0dGluZ3MiOnsicG9zdF9pZCI6IjEwMCJ9fQ==@&#8221; button_text=&#8221;Apply now&#8221; _builder_version=&#8221;4.27.4&#8243; _dynamic_attributes=&#8221;button_url&#8221; _module_preset=&#8221;default&#8221; global_colors_info=&#8221;{}&#8221;][\/et_pb_button][\/et_pb_column][et_pb_column type=&#8221;2_5&#8243; _builder_version=&#8221;4.25.1&#8243; _module_preset=&#8221;default&#8221; global_colors_info=&#8221;{}&#8221;][et_pb_text _builder_version=&#8221;4.27.4&#8243; _module_preset=&#8221;default&#8221; custom_margin=&#8221;||0px||false|false&#8221; custom_padding=&#8221;||12px||false|false&#8221; global_colors_info=&#8221;{}&#8221;]<\/p>\n<h3>Warum EWIVS Certification?<\/h3>\n<ul>\n<li><strong>Erfahrung &amp; Kompetenz<\/strong>: Zahlreiche Sachverst\u00e4ndige vertrauen seit Jahren auf unsere Expertise.<\/li>\n<li><strong>Kein Risiko<\/strong>: Bei Ablehnung Ihres Antrags <strong>erstatten<\/strong> wir die Vorpr\u00fcfungsgeb\u00fchr vollst\u00e4ndig zur\u00fcck.<\/li>\n<li><strong>International anerkannt<\/strong>: Unsere Zertifizierungen \u00f6ffnen Ihnen T\u00fcren auf nationalen und globalen M\u00e4rkten.<\/li>\n<\/ul>\n<p>Sie m\u00f6chten mehr wissen? Schauen Sie auf unsere Seite <a href=\"https:\/\/www.ewivs.com\/en\/benefits\/\">ISO 17024 Zertifizierung \u2013 Vorteile<\/a><\/p>\n<p>[\/et_pb_text][\/et_pb_column][\/et_pb_row][\/et_pb_section]<\/p>\n","protected":false},"excerpt":{"rendered":"<p>EWiVS \u2013 Ihr Partner f\u00fcr Personenzertifizierungen nach ISO 17024 Wir begleiten Sachverst\u00e4ndige und Experten bei der professionellen ISO-17024-Zertifizierung \u2013 transparent, praxisnah und schnell!EWiVS Certification &#8211; Personenzertifizierungen nach ISO 17024 Wer wir sind Die EWiVS spezialisiert auf Personenzertifizierungen und weitere qualit\u00e4tssichernde Ma\u00dfnahmen f\u00fcr Sachverst\u00e4ndige und Fachexperten. Mit unserem europaweiten Netzwerk und dem Fokus auf ISO 17024 [&hellip;]<\/p>\n","protected":false},"author":1,"featured_media":0,"parent":0,"menu_order":0,"comment_status":"closed","ping_status":"open","template":"","meta":{"_et_pb_use_builder":"on","_et_pb_old_content":"","_et_gb_content_width":"","footnotes":""},"class_list":["post-341","page","type-page","status-publish","hentry"],"_links":{"self":[{"href":"https:\/\/www.ewivs.com\/en\/wp-json\/wp\/v2\/pages\/341","targetHints":{"allow":["GET"]}}],"collection":[{"href":"https:\/\/www.ewivs.com\/en\/wp-json\/wp\/v2\/pages"}],"about":[{"href":"https:\/\/www.ewivs.com\/en\/wp-json\/wp\/v2\/types\/page"}],"author":[{"embeddable":true,"href":"https:\/\/www.ewivs.com\/en\/wp-json\/wp\/v2\/users\/1"}],"replies":[{"embeddable":true,"href":"https:\/\/www.ewivs.com\/en\/wp-json\/wp\/v2\/comments?post=341"}],"version-history":[{"count":10,"href":"https:\/\/www.ewivs.com\/en\/wp-json\/wp\/v2\/pages\/341\/revisions"}],"predecessor-version":[{"id":2903,"href":"https:\/\/www.ewivs.com\/en\/wp-json\/wp\/v2\/pages\/341\/revisions\/2903"}],"wp:attachment":[{"href":"https:\/\/www.ewivs.com\/en\/wp-json\/wp\/v2\/media?parent=341"}],"curies":[{"name":"wp","href":"https:\/\/api.w.org\/{rel}","templated":true}]}}